{"id":951,"date":"2025-01-09T11:54:23","date_gmt":"2025-01-09T11:54:23","guid":{"rendered":"https:\/\/bitcoin-future.markets\/?page_id=951"},"modified":"2025-06-04T13:07:00","modified_gmt":"2025-06-04T13:07:00","slug":"risikohinweis","status":"publish","type":"page","link":"https:\/\/bitcoin-future.markets\/de_ch\/risk-note\/","title":{"rendered":"Risikohinweis"},"content":{"rendered":"<div data-elementor-type=\"wp-page\" data-elementor-id=\"951\" class=\"elementor elementor-951\" data-elementor-post-type=\"page\">\n\t\t\t\t<div class=\"elementor-element elementor-element-f77be23 e-flex e-con-boxed e-con e-parent\" data-id=\"f77be23\" data-element_type=\"container\" data-e-type=\"container\">\n\t\t\t\t\t<div class=\"e-con-inner\">\n\t\t\t\t<div class=\"elementor-element elementor-element-6128af6 elementor-widget elementor-widget-heading\" data-id=\"6128af6\" data-element_type=\"widget\" data-e-type=\"widget\" data-widget_type=\"heading.default\">\n\t\t\t\t<div class=\"elementor-widget-container\">\n\t\t\t\t\t<h2 class=\"elementor-heading-title elementor-size-default\">Risikohinweis<\/h2>\t\t\t\t<\/div>\n\t\t\t\t<\/div>\n\t\t\t\t<div class=\"elementor-element elementor-element-0d8d30f elementor-widget elementor-widget-text-editor\" data-id=\"0d8d30f\" data-element_type=\"widget\" data-e-type=\"widget\" data-widget_type=\"text-editor.default\">\n\t\t\t\t<div class=\"elementor-widget-container\">\n\t\t\t\t\t\t\t\t\t<p class=\"translation-block\">Wichtiger Risikohinweis: Der Handel mit Devisen, CFDs und Aktien ist hochspekulativ, birgt Risiken und ist m\u00f6glicherweise nicht f\u00fcr alle Anleger geeignet. Er kann erhebliche Gewinne generieren, ist aber auch mit dem Risiko eines teilweisen oder vollst\u00e4ndigen Kapitalverlusts verbunden und sollte von Einsteigern sorgf\u00e4ltig gepr\u00fcft werden. Wir empfehlen Ihnen dringend, unsere Allgemeinen Gesch\u00e4ftsbedingungen und den Haftungsausschluss zu lesen, bevor Sie investieren. Kunden m\u00fcssen sich \u00fcber ihre individuelle Kapitalertragsteuerpflicht in ihrem Wohnsitzland informieren. Es ist gesetzlich verboten, US-B\u00fcrger zum Kauf und Verkauf von Rohstoffoptionen aufzufordern, selbst wenn diese als \u201ePrognosekontrakte\u201c bezeichnet werden, es sei denn, sie sind an einer registrierten B\u00f6rse zum Handel zugelassen oder gesetzlich ausgenommen.<\/p><p class=\"translation-block\"><strong>Regulierungshinweis:<\/strong> <strong>Bitcoin Future Markets<\/strong> ist eine Software eines Entwicklungsunternehmens und bietet keine Anlage- oder Brokerage-Dienstleistungen an. <strong>Bitcoin Future Markets<\/strong> erzielt keine Gewinne oder Verluste basierend auf Ihren Handelsergebnissen und fungiert als Technologie-, Marketing- und Werbedienst. <strong>Bitcoin Future Markets<\/strong> ist kein Finanzdienstleistungsunternehmen und wird ausschlie\u00dflich von Drittanbietern und Brokern als Marketinginstrument zur Kundengewinnung genutzt. Bei Ihrer Anmeldung bei <strong>Bitcoin Future Markets<\/strong> wird Ihnen automatisch ein Broker zugewiesen. Sie sind verpflichtet zu pr\u00fcfen, ob der Broker alle lokalen Regeln und Vorschriften einh\u00e4lt, in Ihrem Land reguliert ist und Kunden aus Ihrem Land bedienen darf. Sollten Sie feststellen, dass der Ihnen zugewiesene Broker in Ihrem Land nicht ordnungsgem\u00e4\u00df reguliert ist, kontaktieren Sie uns bitte \u00fcber das Support-Men\u00fc in der Software.<\/p><p class=\"translation-block\">Rechtliche Einschr\u00e4nkungen: Ohne die nachfolgenden Bestimmungen einzuschr\u00e4nken, nehmen Sie zur Kenntnis, dass die Gesetze bez\u00fcglich Finanzvertr\u00e4gen weltweit unterschiedlich sind und es in Ihrer Verantwortung liegt, sicherzustellen, dass Sie alle Gesetze, Verordnungen und Richtlinien Ihres Wohnsitzlandes hinsichtlich der Nutzung der Website einhalten. Zur Klarstellung: Der Zugriff auf unsere Website bedeutet nicht zwangsl\u00e4ufig, dass unsere Dienstleistungen und\/oder Ihre Aktivit\u00e4ten \u00fcber die Website nach den Gesetzen, Verordnungen oder Richtlinien Ihres Wohnsitzlandes rechtm\u00e4\u00dfig sind.<\/p>\t\t\t\t\t\t\t\t<\/div>\n\t\t\t\t<\/div>\n\t\t\t\t\t<\/div>\n\t\t\t\t<\/div>\n\t\t\t\t<\/div>","protected":false},"excerpt":{"rendered":"<p>Risk Note Important Risk Note: Trading Forex, CFDs and Stocks is highly speculative, carries a level of risk and may not be suitable for all investors. Trading can generate significant benefits but also involves a risk of partial or full funds loss and should be considered by initial investors. we strongly advise that you read [&hellip;]<\/p>\n","protected":false},"author":1,"featured_media":0,"parent":0,"menu_order":0,"comment_status":"closed","ping_status":"closed","template":"elementor_header_footer","meta":{"footnotes":""},"class_list":["post-951","page","type-page","status-publish","hentry"],"_links":{"self":[{"href":"https:\/\/bitcoin-future.markets\/de_ch\/wp-json\/wp\/v2\/pages\/951","targetHints":{"allow":["GET"]}}],"collection":[{"href":"https:\/\/bitcoin-future.markets\/de_ch\/wp-json\/wp\/v2\/pages"}],"about":[{"href":"https:\/\/bitcoin-future.markets\/de_ch\/wp-json\/wp\/v2\/types\/page"}],"author":[{"embeddable":true,"href":"https:\/\/bitcoin-future.markets\/de_ch\/wp-json\/wp\/v2\/users\/1"}],"replies":[{"embeddable":true,"href":"https:\/\/bitcoin-future.markets\/de_ch\/wp-json\/wp\/v2\/comments?post=951"}],"version-history":[{"count":13,"href":"https:\/\/bitcoin-future.markets\/de_ch\/wp-json\/wp\/v2\/pages\/951\/revisions"}],"predecessor-version":[{"id":1354,"href":"https:\/\/bitcoin-future.markets\/de_ch\/wp-json\/wp\/v2\/pages\/951\/revisions\/1354"}],"wp:attachment":[{"href":"https:\/\/bitcoin-future.markets\/de_ch\/wp-json\/wp\/v2\/media?parent=951"}],"curies":[{"name":"wp","href":"https:\/\/api.w.org\/{rel}","templated":true}]}}