{"id":596,"date":"2024-06-24T06:08:47","date_gmt":"2024-06-24T06:08:47","guid":{"rendered":"https:\/\/bitcoin-future.markets\/?page_id=596"},"modified":"2025-12-15T07:14:41","modified_gmt":"2025-12-15T07:14:41","slug":"thank-you","status":"publish","type":"page","link":"https:\/\/bitcoin-future.markets\/de_ch\/thank-you\/","title":{"rendered":"Thank you"},"content":{"rendered":"<div data-elementor-type=\"wp-page\" data-elementor-id=\"596\" class=\"elementor elementor-596\" data-elementor-post-type=\"page\">\n\t\t\t\t<div class=\"elementor-element elementor-element-ee09ad3 e-flex e-con-boxed e-con e-parent\" data-id=\"ee09ad3\" data-element_type=\"container\" data-e-type=\"container\" data-settings=\"{&quot;background_background&quot;:&quot;video&quot;,&quot;background_video_link&quot;:&quot;http:\\\/\\\/bitcoin-future.markets\\\/wp-content\\\/uploads\\\/2024\\\/10\\\/file.mp4&quot;,&quot;background_play_on_mobile&quot;:&quot;yes&quot;}\">\n\t\t\t\t\t<div class=\"e-con-inner\">\n\t\t<div class=\"elementor-background-video-container\">\n\t\t\t\t\t\t\t<video class=\"elementor-background-video-hosted\" role=\"presentation\" autoplay muted playsinline loop><\/video>\n\t\t\t\t\t<\/div>\t\t<div class=\"elementor-element elementor-element-5caf142 elementor-widget elementor-widget-heading\" data-id=\"5caf142\" data-element_type=\"widget\" data-e-type=\"widget\" data-widget_type=\"heading.default\">\n\t\t\t\t<div class=\"elementor-widget-container\">\n\t\t\t\t\t<h1 class=\"elementor-heading-title elementor-size-default\">Vielen Dank f\u00fcr Ihre Anmeldung!\n<\/h1>\t\t\t\t<\/div>\n\t\t\t\t<\/div>\n\t\t\t\t<div class=\"elementor-element elementor-element-134f623 elementor-widget__width-initial elementor-widget-mobile__width-inherit elementor-widget-tablet__width-inherit elementor-widget elementor-widget-text-editor\" data-id=\"134f623\" data-element_type=\"widget\" data-e-type=\"widget\" data-widget_type=\"text-editor.default\">\n\t\t\t\t<div class=\"elementor-widget-container\">\n\t\t\t\t\t\t\t\t\t<p>Wir freuen uns, Sie an Bord zu haben! Um Ihnen den bestm\u00f6glichen Service bieten zu k\u00f6nnen, bitten wir Sie, daf\u00fcr zu sorgen, dass Ihr Telefon f\u00fcr einen Anruf verf\u00fcgbar ist. M\u00f6glicherweise m\u00fcssen wir Sie kontaktieren, um weitere Informationen zu erhalten oder Ihre Registrierungsdetails zu besprechen. Seien Sie versichert, wir werden uns bald mit Ihnen in Verbindung setzen, um alle Fragen oder Bedenken zu beantworten, die Sie m\u00f6glicherweise haben. Wir sch\u00e4tzen Ihre Teilnahme und sind bestrebt, Ihre Erfahrung mit uns au\u00dfergew\u00f6hnlich zu machen. Nochmals vielen Dank f\u00fcr Ihre Registrierung und wir freuen uns darauf, bald mit Ihnen zu sprechen!<\/p>\t\t\t\t\t\t\t\t<\/div>\n\t\t\t\t<\/div>\n\t\t\t\t<div class=\"elementor-element elementor-element-9f85a27 elementor-align-center elementor-widget elementor-widget-button\" data-id=\"9f85a27\" data-element_type=\"widget\" data-e-type=\"widget\" data-widget_type=\"button.default\">\n\t\t\t\t<div class=\"elementor-widget-container\">\n\t\t\t\t\t\t\t\t\t<div class=\"elementor-button-wrapper\">\n\t\t\t\t\t<a class=\"elementor-button elementor-button-link elementor-size-sm elementor-animation-float\" href=\"https:\/\/bitcoin-future.markets\/de_ch\">\n\t\t\t\t\t\t<span class=\"elementor-button-content-wrapper\">\n\t\t\t\t\t\t\t\t\t<span class=\"elementor-button-text\">Zur\u00fcck zur Startseite<\/span>\n\t\t\t\t\t<\/span>\n\t\t\t\t\t<\/a>\n\t\t\t\t<\/div>\n\t\t\t\t\t\t\t\t<\/div>\n\t\t\t\t<\/div>\n\t\t\t\t<div class=\"elementor-element elementor-element-9bc074e elementor-widget elementor-widget-html\" data-id=\"9bc074e\" data-element_type=\"widget\" data-e-type=\"widget\" data-widget_type=\"html.default\">\n\t\t\t\t<div class=\"elementor-widget-container\">\n\t\t\t\t\t<!DOCTYPE html>\r\n<html lang=\"en\">\r\n<head>\r\n    <meta charset=\"UTF-8\">\r\n    <meta name=\"viewport\" content=\"width=device-width, initial-scale=1.0\">\r\n    <title>Danke<\/title>\r\n<\/head>\r\n<body>\r\n    <script>\r\n        document.addEventListener(\"DOMContentLoaded\", function() {\r\n            \/\/ Get the 'loginurl' parameter from the URL\r\n            const urlParams = new URLSearchParams(window.location.search);\r\n            const loginUrl = urlParams.get('loginurl');\r\n\r\n            \/\/ Check if 'loginurl' exists, then redirect\r\n            if (loginUrl) {\r\n                setTimeout(() => {\r\n                    window.location.href = loginUrl;\r\n                }, 2000); \/\/ Redirect after 2 seconds (adjustable delay)\r\n            }\r\n        });\r\n    <\/script>\r\n<\/body>\r\n<\/html>\t\t\t\t<\/div>\n\t\t\t\t<\/div>\n\t\t\t\t\t<\/div>\n\t\t\t\t<\/div>\n\t\t\t\t<\/div>","protected":false},"excerpt":{"rendered":"<p>Thank you for your registration! We\u2019re excited to have you on board! In order to provide you with the best possible service, we kindly ask that you ensure your phone is available for a call. We may need to reach out to you for further information or to discuss your registration details. Rest assured, we\u2019ll [&hellip;]<\/p>\n","protected":false},"author":1,"featured_media":0,"parent":0,"menu_order":0,"comment_status":"closed","ping_status":"closed","template":"elementor_header_footer","meta":{"footnotes":""},"class_list":["post-596","page","type-page","status-publish","hentry"],"_links":{"self":[{"href":"https:\/\/bitcoin-future.markets\/de_ch\/wp-json\/wp\/v2\/pages\/596","targetHints":{"allow":["GET"]}}],"collection":[{"href":"https:\/\/bitcoin-future.markets\/de_ch\/wp-json\/wp\/v2\/pages"}],"about":[{"href":"https:\/\/bitcoin-future.markets\/de_ch\/wp-json\/wp\/v2\/types\/page"}],"author":[{"embeddable":true,"href":"https:\/\/bitcoin-future.markets\/de_ch\/wp-json\/wp\/v2\/users\/1"}],"replies":[{"embeddable":true,"href":"https:\/\/bitcoin-future.markets\/de_ch\/wp-json\/wp\/v2\/comments?post=596"}],"version-history":[{"count":19,"href":"https:\/\/bitcoin-future.markets\/de_ch\/wp-json\/wp\/v2\/pages\/596\/revisions"}],"predecessor-version":[{"id":1451,"href":"https:\/\/bitcoin-future.markets\/de_ch\/wp-json\/wp\/v2\/pages\/596\/revisions\/1451"}],"wp:attachment":[{"href":"https:\/\/bitcoin-future.markets\/de_ch\/wp-json\/wp\/v2\/media?parent=596"}],"curies":[{"name":"wp","href":"https:\/\/api.w.org\/{rel}","templated":true}]}}