{"id":330,"date":"2023-10-27T07:57:53","date_gmt":"2023-10-27T07:57:53","guid":{"rendered":"https:\/\/bitcoin-future.markets\/?page_id=330"},"modified":"2025-12-15T06:52:50","modified_gmt":"2025-12-15T06:52:50","slug":"kontaktieren-sie-uns","status":"publish","type":"page","link":"https:\/\/bitcoin-future.markets\/de_ch\/contact-us\/","title":{"rendered":"Kontaktieren Sie uns"},"content":{"rendered":"<div data-elementor-type=\"wp-page\" data-elementor-id=\"330\" class=\"elementor elementor-330\" data-elementor-post-type=\"page\">\n\t\t\t\t<div class=\"elementor-element elementor-element-91266f4 e-flex e-con-boxed e-con e-parent\" data-id=\"91266f4\" data-element_type=\"container\" data-e-type=\"container\" data-settings=\"{&quot;background_background&quot;:&quot;gradient&quot;}\">\n\t\t\t\t\t<div class=\"e-con-inner\">\n\t\t<div class=\"elementor-element elementor-element-9e7b863 e-con-full e-flex e-con e-child\" data-id=\"9e7b863\" data-element_type=\"container\" data-e-type=\"container\" data-settings=\"{&quot;background_background&quot;:&quot;classic&quot;}\">\n\t\t\t\t<div class=\"elementor-element elementor-element-cd18aae elementor-widget elementor-widget-heading\" data-id=\"cd18aae\" data-element_type=\"widget\" data-e-type=\"widget\" data-widget_type=\"heading.default\">\n\t\t\t\t<div class=\"elementor-widget-container\">\n\t\t\t\t\t<h1 class=\"elementor-heading-title elementor-size-default\">KONTAKTIEREN SIE UNS<\/h1>\t\t\t\t<\/div>\n\t\t\t\t<\/div>\n\t\t\t\t<div class=\"elementor-element elementor-element-9e05b10 elementor-widget elementor-widget-text-editor\" data-id=\"9e05b10\" data-element_type=\"widget\" data-e-type=\"widget\" data-widget_type=\"text-editor.default\">\n\t\t\t\t<div class=\"elementor-widget-container\">\n\t\t\t\t\t\t\t\t\t<p>Erleben Sie nahtlose Kommunikation mit unserem engagierten Team, das rund um die Uhr \u00fcber unser Registrierungsformular und unseren Live-Support erreichbar ist. Ihre Fragen und Ihr Feedback sind uns wichtig und gemeinsam k\u00f6nnen wir einen globalen Einfluss auf die Handelsgemeinschaft erzielen. Kontaktieren Sie uns jederzeit!<\/p>\t\t\t\t\t\t\t\t<\/div>\n\t\t\t\t<\/div>\n\t\t\t\t<div class=\"elementor-element elementor-element-bd02f5c elementor-widget elementor-widget-heading\" data-id=\"bd02f5c\" data-element_type=\"widget\" data-e-type=\"widget\" data-widget_type=\"heading.default\">\n\t\t\t\t<div class=\"elementor-widget-container\">\n\t\t\t\t\t<h2 class=\"elementor-heading-title elementor-size-default\">Gemeinsame Gesch\u00e4ftsm\u00f6glichkeiten<\/h2>\t\t\t\t<\/div>\n\t\t\t\t<\/div>\n\t\t\t\t<div class=\"elementor-element elementor-element-944100f elementor-widget elementor-widget-text-editor\" data-id=\"944100f\" data-element_type=\"widget\" data-e-type=\"widget\" data-widget_type=\"text-editor.default\">\n\t\t\t\t<div class=\"elementor-widget-container\">\n\t\t\t\t\t\t\t\t\t<p>Wenn Sie Partnerschaftsm\u00f6glichkeiten erkunden m\u00f6chten, Medienanfragen haben oder andere gesch\u00e4ftliche Fragen stellen m\u00f6chten, k\u00f6nnen Sie sich gerne an uns wenden.<\/p>\t\t\t\t\t\t\t\t<\/div>\n\t\t\t\t<\/div>\n\t\t\t\t<div class=\"elementor-element elementor-element-94867e8 elementor-align-left elementor-widget__width-inherit elementor-mobile-align-center elementor-widget elementor-widget-button\" data-id=\"94867e8\" data-element_type=\"widget\" data-e-type=\"widget\" data-widget_type=\"button.default\">\n\t\t\t\t<div class=\"elementor-widget-container\">\n\t\t\t\t\t\t\t\t\t<div class=\"elementor-button-wrapper\">\n\t\t\t\t\t<a class=\"elementor-button elementor-button-link elementor-size-sm elementor-animation-float\" href=\"#replain-link\">\n\t\t\t\t\t\t<span class=\"elementor-button-content-wrapper\">\n\t\t\t\t\t\t\t\t\t<span class=\"elementor-button-text\">STARTEN SIE EINEN LIVE-CHAT<\/span>\n\t\t\t\t\t<\/span>\n\t\t\t\t\t<\/a>\n\t\t\t\t<\/div>\n\t\t\t\t\t\t\t\t<\/div>\n\t\t\t\t<\/div>\n\t\t\t\t<\/div>\n\t\t<div class=\"elementor-element elementor-element-415bd05 e-con-full e-flex e-con e-child\" data-id=\"415bd05\" data-element_type=\"container\" data-e-type=\"container\" data-settings=\"{&quot;background_background&quot;:&quot;classic&quot;}\">\n\t\t\t\t<div class=\"elementor-element elementor-element-f814088 elementor-widget elementor-widget-shortcode\" data-id=\"f814088\" data-element_type=\"widget\" data-e-type=\"widget\" data-widget_type=\"shortcode.default\">\n\t\t\t\t<div class=\"elementor-widget-container\">\n\t\t\t\t\t\t\t<div class=\"elementor-shortcode\"><style>\n\t.form-wrapper-trade .formheading {\n\t\tfont-size: ;\n\t\tfont-weight: ;\n\t}\n\n\t@media screen and (max-width: 768px) {\n\t\t.form-wrapper-trade .formheading {\n\t\t\tfont-size: ;\n\t\t\tfont-weight: ;\n\t\t}\n\t}\n\t.form-wrapper-trade,\n\t#customFormWidget {\n\t\tfont-family: 'Poppins', sans-serif;\n\t}\n\t.form-wrapper-trade {\n\t\twidth: 100%;\n\t\tmax-width: 100%; \n\t\tbackground: #000000;\n\t\tmargin: 0 auto;\n\t\tpadding: 25px 30px;\n\t\tborder-radius: 10px;\n\t\tbox-shadow: 0 5px 15px rgba(0,0,0,0.1);\n        \/* margin-bottom: 30px !important; *\/\n\t}\n\t@media screen and (max-width: 991px) {\n\t\t.form-wrapper-trade {\n\t\t\twidth: 100% !important;\n\t\t\tmax-width: 100%;\n\t\t}\n\t}\n\n\t.form-label {\n\t\tdisplay: block;\n\t\tmargin-bottom: 5px;\n\t\tfont-weight: 500;\n\t\tcolor: #ffffff !important;\n\t}\n\tbutton.form-control {\n\t\ttransition: all 0.3s ease;\n\t}\n<\/style>\n<div class=\"form-wrapper-trade\" style=\"max-width: 500px; margin: 0 auto;\">\n\t<div class=\"preloader\" id=\"preloader\"><div class=\"spinner\"><\/div><\/div>\n\n\t<p class=\"formheading form-label\">JETZT HANDELSM\u00d6GLICHKEITEN ENTDECKEN<\/p>\n\n\t<form id=\"customFormWidget\" autocomplete=\"off\" action=\"\">\n\t\t<div class=\"form-group\">\n\t\t\t<label for=\"firstName\" class=\"form-label\">Vorname<\/label>\n\t\t\t<input id=\"firstName\" name=\"firstName\" type=\"text\" class=\"form-control\" required \/>\n\t\t<\/div>\n\n\t\t<div class=\"form-group\">\n\t\t\t<label for=\"lastName\" class=\"form-label\">Nachname<\/label>\n\t\t\t<input id=\"lastName\" name=\"lastName\" type=\"text\" class=\"form-control\" required \/>\n\t\t<\/div>\n\n\t\t<div class=\"form-group\">\n\t\t\t<label for=\"email\" class=\"form-label\">E-Mail<\/label>\n\t\t\t<input id=\"email\" name=\"email\" type=\"email\" class=\"form-control\" required \/>\n\t\t<\/div>\n\n\t\t<div class=\"form-group\">\n\t\t\t<label for=\"phone\" class=\"form-label\">Telefonnummer<\/label>\n\t\t\t<input id=\"phone\" name=\"phone\" type=\"tel\" class=\"form-control\" style=\"width:100%\" required \/>\n\t\t<\/div>\n\n\t\t<div class=\"form-group\">\n\t\t\t<button \n\t\t\t\t\ttype=\"submit\" \n\t\t\t\t\tclass=\"form-control\"\n\t\t\t\t\tstyle=\"background-color: #1c4054; \t\t\t\t\t\t   color: #ffffff; \t\t\t\t\t\t   border-radius: 5px;\">\n\t\t\t\tJETZT REGISTRIEREN\t\t\t<\/button>\n\t\t<\/div>\n\n\t\t<div id=\"formErrorMessage\" class=\"form-message\"><\/div>\n\n\t\t<div class=\"fortp\">\n\t\t\t<p style=\"font-size: 15px;color:#fff;font-family: Poppins, sans-serif;text-align: center\" class=\"translation-block\">Bitte lesen und akzeptieren Sie unsere\n\n<a href=\"https:\/\/bitcoin-future.markets\/de_ch\/datenschutzrichtlinie\/\" style=\"color: white;font-size: 17px;font-weight: bold\" target=\"_self\">Datenschutzrichtlinie<\/a>\nund\n\n<a href=\"https:\/\/bitcoin-future.markets\/de_ch\/geschaftsbedingungen\/\" style=\"color: white;font-size: 17px;font-weight: bold\" target=\"_self\">Allgemeine Gesch\u00e4ftsbedingungen<\/a>.<\/p>\r\n\t\t<\/div>\n\t<input type=\"hidden\" name=\"trp-form-language\" value=\"de_ch\"\/><\/form>\n<\/div>\n<\/div>\n\t\t\t\t\t\t<\/div>\n\t\t\t\t<\/div>\n\t\t\t\t<\/div>\n\t\t\t\t\t<\/div>\n\t\t\t\t<\/div>\n\t\t\t\t<\/div>","protected":false},"excerpt":{"rendered":"<p>CONTACT US Experience seamless communication with our dedicated team, available 24\/7 through our registration form and live support. Your queries and feedback are important to us, and together we can create a global impact in the trading community. Reach out anytime! Collaborative Business Opportunities If you wish to explore partnership opportunities, have media inquiries, or [&hellip;]<\/p>\n","protected":false},"author":1,"featured_media":0,"parent":0,"menu_order":0,"comment_status":"closed","ping_status":"closed","template":"","meta":{"footnotes":""},"class_list":["post-330","page","type-page","status-publish","hentry"],"_links":{"self":[{"href":"https:\/\/bitcoin-future.markets\/de_ch\/wp-json\/wp\/v2\/pages\/330","targetHints":{"allow":["GET"]}}],"collection":[{"href":"https:\/\/bitcoin-future.markets\/de_ch\/wp-json\/wp\/v2\/pages"}],"about":[{"href":"https:\/\/bitcoin-future.markets\/de_ch\/wp-json\/wp\/v2\/types\/page"}],"author":[{"embeddable":true,"href":"https:\/\/bitcoin-future.markets\/de_ch\/wp-json\/wp\/v2\/users\/1"}],"replies":[{"embeddable":true,"href":"https:\/\/bitcoin-future.markets\/de_ch\/wp-json\/wp\/v2\/comments?post=330"}],"version-history":[{"count":121,"href":"https:\/\/bitcoin-future.markets\/de_ch\/wp-json\/wp\/v2\/pages\/330\/revisions"}],"predecessor-version":[{"id":1438,"href":"https:\/\/bitcoin-future.markets\/de_ch\/wp-json\/wp\/v2\/pages\/330\/revisions\/1438"}],"wp:attachment":[{"href":"https:\/\/bitcoin-future.markets\/de_ch\/wp-json\/wp\/v2\/media?parent=330"}],"curies":[{"name":"wp","href":"https:\/\/api.w.org\/{rel}","templated":true}]}}