{"id":936,"date":"2025-01-09T11:39:47","date_gmt":"2025-01-09T11:39:47","guid":{"rendered":"https:\/\/bitcoin-future.markets\/?page_id=936"},"modified":"2025-12-15T06:47:55","modified_gmt":"2025-12-15T06:47:55","slug":"uber-uns","status":"publish","type":"page","link":"https:\/\/bitcoin-future.markets\/de\/about-us\/","title":{"rendered":"\u00dcber uns"},"content":{"rendered":"<div data-elementor-type=\"wp-page\" data-elementor-id=\"936\" class=\"elementor elementor-936\" data-elementor-post-type=\"page\">\n\t\t\t\t<div class=\"elementor-element elementor-element-c010710 e-flex e-con-boxed e-con e-parent\" data-id=\"c010710\" data-element_type=\"container\" data-e-type=\"container\">\n\t\t\t\t\t<div class=\"e-con-inner\">\n\t\t\t\t<div class=\"elementor-element elementor-element-cf32611 elementor-widget elementor-widget-heading\" data-id=\"cf32611\" data-element_type=\"widget\" data-e-type=\"widget\" data-widget_type=\"heading.default\">\n\t\t\t\t<div class=\"elementor-widget-container\">\n\t\t\t\t\t<h1 class=\"elementor-heading-title elementor-size-default\">Willkommen in der Zukunft des Bitcoin-Handels\n<\/h1>\t\t\t\t<\/div>\n\t\t\t\t<\/div>\n\t\t\t\t<div class=\"elementor-element elementor-element-f0cc3a0 elementor-widget elementor-widget-text-editor\" data-id=\"f0cc3a0\" data-element_type=\"widget\" data-e-type=\"widget\" data-widget_type=\"text-editor.default\">\n\t\t\t\t<div class=\"elementor-widget-container\">\n\t\t\t\t\t\t\t\t\t<p>Der Kryptow\u00e4hrungsmarkt, angef\u00fchrt von Bitcoin, hat die Finanzwelt revolutioniert. Mit seiner wachsenden Popularit\u00e4t und schnellen Akzeptanz bietet Bitcoin eine beispiellose M\u00f6glichkeit, Ihre finanzielle Zukunft abzusichern. Unsere Plattform ist so konzipiert, dass sie Sie durch die Feinheiten von Bitcoin-Investitionen f\u00fchrt und es Ihnen erm\u00f6glicht, fundierte Entscheidungen zu treffen und Ihre Gewinne zu maximieren.<\/p>\t\t\t\t\t\t\t\t<\/div>\n\t\t\t\t<\/div>\n\t\t\t\t\t<\/div>\n\t\t\t\t<\/div>\n\t\t<div class=\"elementor-element elementor-element-2eb9eb5 e-flex e-con-boxed e-con e-parent\" data-id=\"2eb9eb5\" data-element_type=\"container\" data-e-type=\"container\" data-settings=\"{&quot;background_background&quot;:&quot;classic&quot;}\">\n\t\t\t\t\t<div class=\"e-con-inner\">\n\t\t<div class=\"elementor-element elementor-element-a683881 e-con-full e-flex e-con e-child\" data-id=\"a683881\" data-element_type=\"container\" data-e-type=\"container\">\n\t\t\t\t<div class=\"elementor-element elementor-element-9a9b83b elementor-view-default elementor-widget elementor-widget-icon\" data-id=\"9a9b83b\" data-element_type=\"widget\" data-e-type=\"widget\" data-widget_type=\"icon.default\">\n\t\t\t\t<div class=\"elementor-widget-container\">\n\t\t\t\t\t\t\t<div class=\"elementor-icon-wrapper\">\n\t\t\t<div class=\"elementor-icon\">\n\t\t\t<svg aria-hidden=\"true\" class=\"e-font-icon-svg e-fas-check-circle\" viewbox=\"0 0 512 512\" xmlns=\"http:\/\/www.w3.org\/2000\/svg\"><path d=\"M504 256c0 136.967-111.033 248-248 248S8 392.967 8 256 119.033 8 256 8s248 111.033 248 248zM227.314 387.314l184-184c6.248-6.248 6.248-16.379 0-22.627l-22.627-22.627c-6.248-6.249-16.379-6.249-22.628 0L216 308.118l-70.059-70.059c-6.248-6.248-16.379-6.248-22.628 0l-22.627 22.627c-6.248 6.248-6.248 16.379 0 22.627l104 104c6.249 6.249 16.379 6.249 22.628.001z\"><\/path><\/svg>\t\t\t<\/div>\n\t\t<\/div>\n\t\t\t\t\t\t<\/div>\n\t\t\t\t<\/div>\n\t\t\t\t<div class=\"elementor-element elementor-element-59cef1aa elementor-widget elementor-widget-image-box\" data-id=\"59cef1aa\" data-element_type=\"widget\" data-e-type=\"widget\" data-widget_type=\"image-box.default\">\n\t\t\t\t<div class=\"elementor-widget-container\">\n\t\t\t\t\t<div class=\"elementor-image-box-wrapper\"><div class=\"elementor-image-box-content\"><span class=\"elementor-image-box-title\">Mission<\/span><p class=\"elementor-image-box-description\">Wir m\u00f6chten Einzelpersonen dabei unterst\u00fctzen, finanzielles Wachstum zu erzielen, indem wir Expertenwissen, Tools und eine unterst\u00fctzende Community f\u00fcr intelligente Bitcoin-Investitionen bereitstellen.\n\n<\/p><\/div><\/div>\t\t\t\t<\/div>\n\t\t\t\t<\/div>\n\t\t\t\t<\/div>\n\t\t<div class=\"elementor-element elementor-element-e67d7ad e-con-full e-flex e-con e-child\" data-id=\"e67d7ad\" data-element_type=\"container\" data-e-type=\"container\">\n\t\t\t\t<div class=\"elementor-element elementor-element-8d00c7c elementor-view-default elementor-widget elementor-widget-icon\" data-id=\"8d00c7c\" data-element_type=\"widget\" data-e-type=\"widget\" data-widget_type=\"icon.default\">\n\t\t\t\t<div class=\"elementor-widget-container\">\n\t\t\t\t\t\t\t<div class=\"elementor-icon-wrapper\">\n\t\t\t<div class=\"elementor-icon\">\n\t\t\t<svg aria-hidden=\"true\" class=\"e-font-icon-svg e-fas-check-circle\" viewbox=\"0 0 512 512\" xmlns=\"http:\/\/www.w3.org\/2000\/svg\"><path d=\"M504 256c0 136.967-111.033 248-248 248S8 392.967 8 256 119.033 8 256 8s248 111.033 248 248zM227.314 387.314l184-184c6.248-6.248 6.248-16.379 0-22.627l-22.627-22.627c-6.248-6.249-16.379-6.249-22.628 0L216 308.118l-70.059-70.059c-6.248-6.248-16.379-6.248-22.628 0l-22.627 22.627c-6.248 6.248-6.248 16.379 0 22.627l104 104c6.249 6.249 16.379 6.249 22.628.001z\"><\/path><\/svg>\t\t\t<\/div>\n\t\t<\/div>\n\t\t\t\t\t\t<\/div>\n\t\t\t\t<\/div>\n\t\t\t\t<div class=\"elementor-element elementor-element-34afa2f elementor-widget elementor-widget-image-box\" data-id=\"34afa2f\" data-element_type=\"widget\" data-e-type=\"widget\" data-widget_type=\"image-box.default\">\n\t\t\t\t<div class=\"elementor-widget-container\">\n\t\t\t\t\t<div class=\"elementor-image-box-wrapper\"><div class=\"elementor-image-box-content\"><span class=\"elementor-image-box-title\">Vision<\/span><p class=\"elementor-image-box-description\">Wir m\u00f6chten die f\u00fchrende Plattform sein, die den Bitcoin-Handel vereinfacht, das Potenzial der Kryptow\u00e4hrung f\u00fcr alle freisetzt und so eine Zukunft der finanziellen Unabh\u00e4ngigkeit gestaltet.\n\n<\/p><\/div><\/div>\t\t\t\t<\/div>\n\t\t\t\t<\/div>\n\t\t\t\t<\/div>\n\t\t\t\t\t<\/div>\n\t\t\t\t<\/div>\n\t\t<div class=\"elementor-element elementor-element-6cf7be4 e-flex e-con-boxed e-con e-parent\" data-id=\"6cf7be4\" data-element_type=\"container\" data-e-type=\"container\">\n\t\t\t\t\t<div class=\"e-con-inner\">\n\t\t<div class=\"elementor-element elementor-element-9d01434 e-con-full e-flex e-con e-child\" data-id=\"9d01434\" data-element_type=\"container\" data-e-type=\"container\">\n\t\t\t\t<div class=\"elementor-element elementor-element-3b03459 elementor-widget elementor-widget-heading\" data-id=\"3b03459\" data-element_type=\"widget\" data-e-type=\"widget\" data-widget_type=\"heading.default\">\n\t\t\t\t<div class=\"elementor-widget-container\">\n\t\t\t\t\t<h1 class=\"elementor-heading-title elementor-size-default\">Warum uns w\u00e4hlen?<\/h1>\t\t\t\t<\/div>\n\t\t\t\t<\/div>\n\t\t\t\t<div class=\"elementor-element elementor-element-cd504ad elementor-widget elementor-widget-text-editor\" data-id=\"cd504ad\" data-element_type=\"widget\" data-e-type=\"widget\" data-widget_type=\"text-editor.default\">\n\t\t\t\t<div class=\"elementor-widget-container\">\n\t\t\t\t\t\t\t\t\t<p>Wir bieten Expertenwissen, sichere Tools und eine unterst\u00fctzende Community, um Ihnen dabei zu helfen, Ihre Bitcoin-Investitionen zu maximieren und finanziellen Erfolg zu erzielen.<\/p><ul><li><strong>Fachkundige Beratung:<\/strong> Greifen Sie auf zuverl\u00e4ssige Markteinblicke und Strategien zu.<\/li><li><strong>Vertrauensw\u00fcrdige Plattform:<\/strong> Transparente, sichere und benutzerfreundliche Tools.<\/li><li><strong>Community-Unterst\u00fctzung:<\/strong> Schlie\u00dfen Sie sich einem Netzwerk gleichgesinnter Investoren an, um gemeinsam zu wachsen.<\/li><li><strong>Nachgewiesener Erfolg:<\/strong> Erfolgsbilanz bei der Unterst\u00fctzung von Benutzern bei der Maximierung ihrer Bitcoin-Gewinne.<\/li><\/ul>\t\t\t\t\t\t\t\t<\/div>\n\t\t\t\t<\/div>\n\t\t\t\t<\/div>\n\t\t\t\t\t<\/div>\n\t\t\t\t<\/div>\n\t\t\t\t<\/div>","protected":false},"excerpt":{"rendered":"<p>Welcome to the Future of Bitcoin Trading The cryptocurrency market, led by Bitcoin, has revolutionized the financial world. With its growing popularity and rapid adoption, Bitcoin offers an unparalleled opportunity to secure your financial future. Our platform is designed to guide you through the intricacies of Bitcoin investments, enabling you to make informed decisions and [&hellip;]<\/p>\n","protected":false},"author":1,"featured_media":0,"parent":0,"menu_order":0,"comment_status":"closed","ping_status":"closed","template":"elementor_header_footer","meta":{"footnotes":""},"class_list":["post-936","page","type-page","status-publish","hentry"],"_links":{"self":[{"href":"https:\/\/bitcoin-future.markets\/de\/wp-json\/wp\/v2\/pages\/936","targetHints":{"allow":["GET"]}}],"collection":[{"href":"https:\/\/bitcoin-future.markets\/de\/wp-json\/wp\/v2\/pages"}],"about":[{"href":"https:\/\/bitcoin-future.markets\/de\/wp-json\/wp\/v2\/types\/page"}],"author":[{"embeddable":true,"href":"https:\/\/bitcoin-future.markets\/de\/wp-json\/wp\/v2\/users\/1"}],"replies":[{"embeddable":true,"href":"https:\/\/bitcoin-future.markets\/de\/wp-json\/wp\/v2\/comments?post=936"}],"version-history":[{"count":31,"href":"https:\/\/bitcoin-future.markets\/de\/wp-json\/wp\/v2\/pages\/936\/revisions"}],"predecessor-version":[{"id":1432,"href":"https:\/\/bitcoin-future.markets\/de\/wp-json\/wp\/v2\/pages\/936\/revisions\/1432"}],"wp:attachment":[{"href":"https:\/\/bitcoin-future.markets\/de\/wp-json\/wp\/v2\/media?parent=936"}],"curies":[{"name":"wp","href":"https:\/\/api.w.org\/{rel}","templated":true}]}}