{"id":205,"date":"2023-10-26T13:13:10","date_gmt":"2023-10-26T13:13:10","guid":{"rendered":"https:\/\/bitcoin-future.markets\/?page_id=205"},"modified":"2025-12-15T07:02:21","modified_gmt":"2025-12-15T07:02:21","slug":"datenschutzrichtlinie","status":"publish","type":"page","link":"https:\/\/bitcoin-future.markets\/de\/privacy-policy\/","title":{"rendered":"DATENSCHUTZRICHTLINIE"},"content":{"rendered":"<div data-elementor-type=\"wp-page\" data-elementor-id=\"205\" class=\"elementor elementor-205\" data-elementor-post-type=\"page\">\n\t\t\t\t<div class=\"elementor-element elementor-element-b1b7d08 e-flex e-con-boxed e-con e-parent\" data-id=\"b1b7d08\" data-element_type=\"container\" data-e-type=\"container\">\n\t\t\t\t\t<div class=\"e-con-inner\">\n\t\t\t\t<div class=\"elementor-element elementor-element-dc5e529 elementor-widget elementor-widget-heading\" data-id=\"dc5e529\" data-element_type=\"widget\" data-e-type=\"widget\" data-widget_type=\"heading.default\">\n\t\t\t\t<div class=\"elementor-widget-container\">\n\t\t\t\t\t<h1 class=\"elementor-heading-title elementor-size-default\">DATENSCHUTZRICHTLINIE<\/h1>\t\t\t\t<\/div>\n\t\t\t\t<\/div>\n\t\t\t\t<div class=\"elementor-element elementor-element-5ec7761 elementor-widget elementor-widget-text-editor\" data-id=\"5ec7761\" data-element_type=\"widget\" data-e-type=\"widget\" data-widget_type=\"text-editor.default\">\n\t\t\t\t<div class=\"elementor-widget-container\">\n\t\t\t\t\t\t\t\t\t<p class=\"translation-block\">Bitcoin Future Markets betreibt die Website https:\/\/bitcoin-future.markets\/, die den Service bereitstellt.<\/p><p>Diese Seite dient dazu, Website-Besucher \u00fcber unsere Richtlinien hinsichtlich der Erfassung, Verwendung und Offenlegung personenbezogener Daten zu informieren, wenn sich jemand f\u00fcr die Nutzung unseres Dienstes, der Market Assets Future-Website, entscheidet.<\/p><p>Wenn Sie unseren Service nutzen, stimmen Sie der Erfassung und Verwendung von Informationen im Zusammenhang mit dieser Richtlinie zu. Die von uns erfassten personenbezogenen Daten werden zur Bereitstellung und Verbesserung des Service verwendet. Wir werden Ihre Daten weder verwenden noch an Dritte weitergeben, au\u00dfer wie in dieser Datenschutzrichtlinie beschrieben.<\/p><p class=\"translation-block\">Die in dieser Datenschutzerkl\u00e4rung verwendeten Begriffe haben dieselbe Bedeutung wie in unseren Allgemeinen Gesch\u00e4ftsbedingungen, die unter <a style=\"color: #47ae28\" href=\"https:\/\/bitcoin-future.markets\/de\/\" target=\"_self\">https:\/\/bitcoin-future.markets\/<\/a> abrufbar sind, sofern in dieser Datenschutzerkl\u00e4rung nichts anderes definiert ist.<\/p>\t\t\t\t\t\t\t\t<\/div>\n\t\t\t\t<\/div>\n\t\t\t\t<div class=\"elementor-element elementor-element-2a426a1 elementor-widget elementor-widget-heading\" data-id=\"2a426a1\" data-element_type=\"widget\" data-e-type=\"widget\" data-widget_type=\"heading.default\">\n\t\t\t\t<div class=\"elementor-widget-container\">\n\t\t\t\t\t<h2 class=\"elementor-heading-title elementor-size-default\">Von uns erfasste Daten\n<\/h2>\t\t\t\t<\/div>\n\t\t\t\t<\/div>\n\t\t\t\t<div class=\"elementor-element elementor-element-9597439 elementor-widget elementor-widget-text-editor\" data-id=\"9597439\" data-element_type=\"widget\" data-e-type=\"widget\" data-widget_type=\"text-editor.default\">\n\t\t\t\t<div class=\"elementor-widget-container\">\n\t\t\t\t\t\t\t\t\t<p>Die pers\u00f6nlichen Daten, die Sie angeben m\u00fcssen, und die Gr\u00fcnde, warum Sie dazu aufgefordert werden, werden Ihnen zum Zeitpunkt der Aufforderung zur Angabe Ihrer pers\u00f6nlichen Daten klar mitgeteilt. Wenn Sie uns direkt kontaktieren, erhalten wir m\u00f6glicherweise zus\u00e4tzliche Informationen \u00fcber Sie, wie Ihren Namen, Ihre E-Mail-Adresse, Ihre Telefonnummer, den Inhalt der Nachricht und\/oder Anh\u00e4nge, die Sie uns senden, und alle anderen Informationen, die Sie uns m\u00f6glicherweise zur Verf\u00fcgung stellen. Wenn Sie sich f\u00fcr ein Konto registrieren, fragen wir Sie m\u00f6glicherweise nach Ihren Kontaktinformationen, einschlie\u00dflich Angaben wie Name, Firmenname, Adresse, E-Mail-Adresse und Telefonnummer.<\/p>\t\t\t\t\t\t\t\t<\/div>\n\t\t\t\t<\/div>\n\t\t\t\t<div class=\"elementor-element elementor-element-de174d8 elementor-widget elementor-widget-heading\" data-id=\"de174d8\" data-element_type=\"widget\" data-e-type=\"widget\" data-widget_type=\"heading.default\">\n\t\t\t\t<div class=\"elementor-widget-container\">\n\t\t\t\t\t<h2 class=\"elementor-heading-title elementor-size-default\">Erfassung und Verwendung von Informationen<\/h2>\t\t\t\t<\/div>\n\t\t\t\t<\/div>\n\t\t\t\t<div class=\"elementor-element elementor-element-9a01f61 elementor-widget elementor-widget-text-editor\" data-id=\"9a01f61\" data-element_type=\"widget\" data-e-type=\"widget\" data-widget_type=\"text-editor.default\">\n\t\t\t\t<div class=\"elementor-widget-container\">\n\t\t\t\t\t\t\t\t\t<p>Damit Sie unseren Service besser nutzen k\u00f6nnen, m\u00fcssen Sie uns m\u00f6glicherweise bestimmte personenbezogene Daten mitteilen, darunter Ihren Namen, Ihre E-Mail-Adresse, Telefonnummer und Postanschrift. Die von uns gesammelten Informationen werden verwendet, um Sie zu kontaktieren oder zu identifizieren.<\/p>\t\t\t\t\t\t\t\t<\/div>\n\t\t\t\t<\/div>\n\t\t\t\t<div class=\"elementor-element elementor-element-789a760 elementor-widget elementor-widget-heading\" data-id=\"789a760\" data-element_type=\"widget\" data-e-type=\"widget\" data-widget_type=\"heading.default\">\n\t\t\t\t<div class=\"elementor-widget-container\">\n\t\t\t\t\t<h2 class=\"elementor-heading-title elementor-size-default\">Protokolldaten<\/h2>\t\t\t\t<\/div>\n\t\t\t\t<\/div>\n\t\t\t\t<div class=\"elementor-element elementor-element-b3e30f2 elementor-widget elementor-widget-text-editor\" data-id=\"b3e30f2\" data-element_type=\"widget\" data-e-type=\"widget\" data-widget_type=\"text-editor.default\">\n\t\t\t\t<div class=\"elementor-widget-container\">\n\t\t\t\t\t\t\t\t\t<p>Wir m\u00f6chten Sie dar\u00fcber informieren, dass wir bei jedem Besuch unseres Dienstes Informationen sammeln, die Ihr Browser an uns sendet und die als Protokolldaten bezeichnet werden. Diese Protokolldaten k\u00f6nnen Informationen wie die Internetprotokolladresse (\u201eIP\u201c) Ihres Computers, die Browserversion, die von Ihnen besuchten Seiten unseres Dienstes, die Uhrzeit und das Datum Ihres Besuchs, die auf diesen Seiten verbrachte Zeit und andere Statistiken enthalten.<\/p>\t\t\t\t\t\t\t\t<\/div>\n\t\t\t\t<\/div>\n\t\t\t\t<div class=\"elementor-element elementor-element-c0a135a elementor-widget elementor-widget-heading\" data-id=\"c0a135a\" data-element_type=\"widget\" data-e-type=\"widget\" data-widget_type=\"heading.default\">\n\t\t\t\t<div class=\"elementor-widget-container\">\n\t\t\t\t\t<h2 class=\"elementor-heading-title elementor-size-default\">Kekse<\/h2>\t\t\t\t<\/div>\n\t\t\t\t<\/div>\n\t\t\t\t<div class=\"elementor-element elementor-element-7010f82 elementor-widget elementor-widget-text-editor\" data-id=\"7010f82\" data-element_type=\"widget\" data-e-type=\"widget\" data-widget_type=\"text-editor.default\">\n\t\t\t\t<div class=\"elementor-widget-container\">\n\t\t\t\t\t\t\t\t\t<p>Cookies sind Dateien mit kleinen Datenmengen, die \u00fcblicherweise als anonyme, eindeutige Kennung verwendet werden. Diese werden von der von Ihnen besuchten Website an Ihren Browser gesendet und auf der Festplatte Ihres Computers gespeichert.<\/p><p class=\"translation-block\">Unsere Website verwendet Cookies, um Informationen zu sammeln und unseren Service zu verbessern. Sie k\u00f6nnen diese Cookies akzeptieren oder ablehnen und werden benachrichtigt, wenn ein Cookie an Ihren Computer gesendet wird. Wenn Sie unsere Cookies ablehnen, k\u00f6nnen Sie die Bitcoin-Futures-M\u00e4rkte nicht nutzen und m\u00f6glicherweise auch einige Bereiche unseres Services nicht.<\/p>\t\t\t\t\t\t\t\t<\/div>\n\t\t\t\t<\/div>\n\t\t\t\t<div class=\"elementor-element elementor-element-03a77e3 elementor-widget elementor-widget-heading\" data-id=\"03a77e3\" data-element_type=\"widget\" data-e-type=\"widget\" data-widget_type=\"heading.default\">\n\t\t\t\t<div class=\"elementor-widget-container\">\n\t\t\t\t\t<h2 class=\"elementor-heading-title elementor-size-default\">Leistungsanbieter<\/h2>\t\t\t\t<\/div>\n\t\t\t\t<\/div>\n\t\t\t\t<div class=\"elementor-element elementor-element-34e40e9 elementor-widget elementor-widget-text-editor\" data-id=\"34e40e9\" data-element_type=\"widget\" data-e-type=\"widget\" data-widget_type=\"text-editor.default\">\n\t\t\t\t<div class=\"elementor-widget-container\">\n\t\t\t\t\t\t\t\t\t<p>Wir beauftragen Drittunternehmen aus folgenden Gr\u00fcnden:<\/p><ul><li class=\"translation-block\">Um die Konten zu erstellen, die Sie bei <strong>Bitcoin Future Markets<\/strong> verwenden m\u00f6chten;<\/li><li>To provide the Service on our behalf;<\/li><li>Um Service-bezogene Dienstleistungen zu erbringen; oder<\/li><li>Um uns bei der Analyse der Nutzung unseres Dienstes zu unterst\u00fctzen.<\/li><\/ul><p>Wir m\u00f6chten die Nutzer unseres Dienstes dar\u00fcber informieren, dass diese Drittparteien Zugriff auf Ihre personenbezogenen Daten haben. Der Grund hierf\u00fcr ist, dass sie die ihnen zugewiesenen Aufgaben in unserem Namen ausf\u00fchren. Sie sind jedoch verpflichtet, die Informationen nicht offenzulegen oder f\u00fcr andere Zwecke zu verwenden.<\/p>\t\t\t\t\t\t\t\t<\/div>\n\t\t\t\t<\/div>\n\t\t\t\t<div class=\"elementor-element elementor-element-133e298 elementor-widget elementor-widget-heading\" data-id=\"133e298\" data-element_type=\"widget\" data-e-type=\"widget\" data-widget_type=\"heading.default\">\n\t\t\t\t<div class=\"elementor-widget-container\">\n\t\t\t\t\t<h2 class=\"elementor-heading-title elementor-size-default\">Sicherheit<\/h2>\t\t\t\t<\/div>\n\t\t\t\t<\/div>\n\t\t\t\t<div class=\"elementor-element elementor-element-bae0b57 elementor-widget elementor-widget-text-editor\" data-id=\"bae0b57\" data-element_type=\"widget\" data-e-type=\"widget\" data-widget_type=\"text-editor.default\">\n\t\t\t\t<div class=\"elementor-widget-container\">\n\t\t\t\t\t\t\t\t\t<p>Wir sch\u00e4tzen Ihr Vertrauen, das Sie uns bei der Bereitstellung Ihrer pers\u00f6nlichen Daten entgegenbringen, und bem\u00fchen uns daher, diese mit kommerziell akzeptablen Mitteln zu sch\u00fctzen. Bedenken Sie jedoch, dass keine Methode der \u00dcbertragung \u00fcber das Internet oder Methode der elektronischen Speicherung 100 % sicher und zuverl\u00e4ssig ist und wir keine absolute Sicherheit garantieren k\u00f6nnen. Es ist auch Ihre Aufgabe, Ihre Daten zu sch\u00fctzen und Ihre pers\u00f6nlichen Daten beispielsweise nicht \u00fcber \u00f6ffentliches WLAN zu \u00fcbertragen.<\/p><p>Datenschutz f\u00fcr Kinder<\/p><p>Unsere Dienste richten sich nicht an Personen unter 13 Jahren. Wir erfassen wissentlich keine personenbezogenen Daten von Kindern unter 13 Jahren. Falls wir feststellen, dass ein Kind unter 13 Jahren uns personenbezogene Daten \u00fcbermittelt hat, l\u00f6schen wir diese umgehend von unseren Servern. Wenn Sie ein Elternteil oder Erziehungsberechtigter sind und wissen, dass Ihr Kind uns personenbezogene Daten \u00fcbermittelt hat, kontaktieren Sie uns bitte, damit wir die erforderlichen Ma\u00dfnahmen ergreifen k\u00f6nnen.<\/p>\t\t\t\t\t\t\t\t<\/div>\n\t\t\t\t<\/div>\n\t\t\t\t<div class=\"elementor-element elementor-element-793e3d0 elementor-widget elementor-widget-heading\" data-id=\"793e3d0\" data-element_type=\"widget\" data-e-type=\"widget\" data-widget_type=\"heading.default\">\n\t\t\t\t<div class=\"elementor-widget-container\">\n\t\t\t\t\t<h2 class=\"elementor-heading-title elementor-size-default\">\u00c4nderungen dieser Datenschutzrichtlinie<\/h2>\t\t\t\t<\/div>\n\t\t\t\t<\/div>\n\t\t\t\t<div class=\"elementor-element elementor-element-031e945 elementor-widget elementor-widget-text-editor\" data-id=\"031e945\" data-element_type=\"widget\" data-e-type=\"widget\" data-widget_type=\"text-editor.default\">\n\t\t\t\t<div class=\"elementor-widget-container\">\n\t\t\t\t\t\t\t\t\t<p>Wir k\u00f6nnen unsere Datenschutzrichtlinie von Zeit zu Zeit aktualisieren. Daher empfehlen wir Ihnen, diese Seite regelm\u00e4\u00dfig auf \u00c4nderungen zu \u00fcberpr\u00fcfen. Wir werden Sie \u00fcber alle \u00c4nderungen informieren, indem wir die neue Datenschutzrichtlinie auf dieser Seite ver\u00f6ffentlichen. Diese \u00c4nderungen werden sofort wirksam, nachdem sie auf dieser Seite ver\u00f6ffentlicht wurden.<\/p>\t\t\t\t\t\t\t\t<\/div>\n\t\t\t\t<\/div>\n\t\t\t\t<div class=\"elementor-element elementor-element-27ace4b elementor-widget elementor-widget-heading\" data-id=\"27ace4b\" data-element_type=\"widget\" data-e-type=\"widget\" data-widget_type=\"heading.default\">\n\t\t\t\t<div class=\"elementor-widget-container\">\n\t\t\t\t\t<h2 class=\"elementor-heading-title elementor-size-default\">Kontaktieren Sie uns<\/h2>\t\t\t\t<\/div>\n\t\t\t\t<\/div>\n\t\t\t\t<div class=\"elementor-element elementor-element-357f381 elementor-widget elementor-widget-text-editor\" data-id=\"357f381\" data-element_type=\"widget\" data-e-type=\"widget\" data-widget_type=\"text-editor.default\">\n\t\t\t\t<div class=\"elementor-widget-container\">\n\t\t\t\t\t\t\t\t\tWenn Sie Fragen oder Anregungen zu unserer Datenschutzrichtlinie haben, z\u00f6gern Sie nicht, uns unter <a style=\"color: #47ae28;\" href=\"mailto:support@bitcoin-future.markets\">support@bitcoin-future.markets<\/a>\t\t\t\t\t\t\t\t<\/div>\n\t\t\t\t<\/div>\n\t\t\t\t<div class=\"elementor-element elementor-element-0fbd09b elementor-align-center elementor-widget elementor-widget-button\" data-id=\"0fbd09b\" data-element_type=\"widget\" data-e-type=\"widget\" data-widget_type=\"button.default\">\n\t\t\t\t<div class=\"elementor-widget-container\">\n\t\t\t\t\t\t\t\t\t<div class=\"elementor-button-wrapper\">\n\t\t\t\t\t<a class=\"elementor-button elementor-button-link elementor-size-sm elementor-animation-grow\" href=\"https:\/\/bitcoin-future.markets\/de\/kontaktieren-sie-uns\/#reg-form\">\n\t\t\t\t\t\t<span class=\"elementor-button-content-wrapper\">\n\t\t\t\t\t\t\t\t\t<span class=\"elementor-button-text\">Konto er\u00f6ffnen<\/span>\n\t\t\t\t\t<\/span>\n\t\t\t\t\t<\/a>\n\t\t\t\t<\/div>\n\t\t\t\t\t\t\t\t<\/div>\n\t\t\t\t<\/div>\n\t\t\t\t\t<\/div>\n\t\t\t\t<\/div>\n\t\t\t\t<\/div>","protected":false},"excerpt":{"rendered":"<p>PRIVACY POLICY Bitcoin Future Markets operates the https:\/\/bitcoin-future.markets\/\u00a0website, which provides the SERVICE. This page is used to inform website visitors regarding our policies with the collection, use, and disclosure of Personal Information if anyone decided to use our Service, the Market Assets Future website. If you choose to use our Service, then you agree to [&hellip;]<\/p>\n","protected":false},"author":1,"featured_media":0,"parent":0,"menu_order":0,"comment_status":"closed","ping_status":"closed","template":"","meta":{"footnotes":""},"class_list":["post-205","page","type-page","status-publish","hentry"],"_links":{"self":[{"href":"https:\/\/bitcoin-future.markets\/de\/wp-json\/wp\/v2\/pages\/205","targetHints":{"allow":["GET"]}}],"collection":[{"href":"https:\/\/bitcoin-future.markets\/de\/wp-json\/wp\/v2\/pages"}],"about":[{"href":"https:\/\/bitcoin-future.markets\/de\/wp-json\/wp\/v2\/types\/page"}],"author":[{"embeddable":true,"href":"https:\/\/bitcoin-future.markets\/de\/wp-json\/wp\/v2\/users\/1"}],"replies":[{"embeddable":true,"href":"https:\/\/bitcoin-future.markets\/de\/wp-json\/wp\/v2\/comments?post=205"}],"version-history":[{"count":55,"href":"https:\/\/bitcoin-future.markets\/de\/wp-json\/wp\/v2\/pages\/205\/revisions"}],"predecessor-version":[{"id":1444,"href":"https:\/\/bitcoin-future.markets\/de\/wp-json\/wp\/v2\/pages\/205\/revisions\/1444"}],"wp:attachment":[{"href":"https:\/\/bitcoin-future.markets\/de\/wp-json\/wp\/v2\/media?parent=205"}],"curies":[{"name":"wp","href":"https:\/\/api.w.org\/{rel}","templated":true}]}}