{"id":166,"date":"2023-10-26T12:33:46","date_gmt":"2023-10-26T12:33:46","guid":{"rendered":"https:\/\/bitcoin-future.markets\/?page_id=166"},"modified":"2025-12-15T06:58:48","modified_gmt":"2025-12-15T06:58:48","slug":"geschaftsbedingungen","status":"publish","type":"page","link":"https:\/\/bitcoin-future.markets\/de\/terms-and-conditions\/","title":{"rendered":"Allgemeine Gesch\u00e4ftsbedingungen"},"content":{"rendered":"<div data-elementor-type=\"wp-page\" data-elementor-id=\"166\" class=\"elementor elementor-166\" data-elementor-post-type=\"page\">\n\t\t\t\t<div class=\"elementor-element elementor-element-020dc71 e-flex e-con-boxed e-con e-parent\" data-id=\"020dc71\" data-element_type=\"container\" data-e-type=\"container\">\n\t\t\t\t\t<div class=\"e-con-inner\">\n\t\t\t\t<div class=\"elementor-element elementor-element-9d780c6 elementor-widget elementor-widget-heading\" data-id=\"9d780c6\" data-element_type=\"widget\" data-e-type=\"widget\" data-widget_type=\"heading.default\">\n\t\t\t\t<div class=\"elementor-widget-container\">\n\t\t\t\t\t<h1 class=\"elementor-heading-title elementor-size-default\">Allgemeine Gesch\u00e4ftsbedingungen<\/h1>\t\t\t\t<\/div>\n\t\t\t\t<\/div>\n\t\t\t\t<div class=\"elementor-element elementor-element-e4000af elementor-widget elementor-widget-heading\" data-id=\"e4000af\" data-element_type=\"widget\" data-e-type=\"widget\" data-widget_type=\"heading.default\">\n\t\t\t\t<div class=\"elementor-widget-container\">\n\t\t\t\t\t<h2 class=\"elementor-heading-title elementor-size-default\">Einf\u00fchrung<\/h2>\t\t\t\t<\/div>\n\t\t\t\t<\/div>\n\t\t\t\t<div class=\"elementor-element elementor-element-6dc51c7 elementor-widget elementor-widget-text-editor\" data-id=\"6dc51c7\" data-element_type=\"widget\" data-e-type=\"widget\" data-widget_type=\"text-editor.default\">\n\t\t\t\t<div class=\"elementor-widget-container\">\n\t\t\t\t\t\t\t\t\t<p class=\"translation-block\">Diese Allgemeinen Gesch\u00e4ftsbedingungen regeln Ihre Nutzung unserer Website <strong>Bitcoin Future Markets<\/strong>, die unter <a style=\"color: #47ae28\" href=\"https:\/\/bitcoin-future.markets\/de\/\" target=\"_self\">\u00a0https:\/\/bitcoin-future.markets\/<\/a> erreichbar ist.<\/p><p>Diese Bedingungen gelten in vollem Umfang und betreffen Ihre Nutzung dieser Website. Durch die Nutzung dieser Website erkl\u00e4ren Sie sich mit allen hier aufgef\u00fchrten Bedingungen einverstanden. Sie d\u00fcrfen diese Website nicht nutzen, wenn Sie mit diesen Allgemeinen Gesch\u00e4ftsbedingungen nicht einverstanden sind.<\/p>\t\t\t\t\t\t\t\t<\/div>\n\t\t\t\t<\/div>\n\t\t\t\t<div class=\"elementor-element elementor-element-5c917d8 elementor-widget elementor-widget-heading\" data-id=\"5c917d8\" data-element_type=\"widget\" data-e-type=\"widget\" data-widget_type=\"heading.default\">\n\t\t\t\t<div class=\"elementor-widget-container\">\n\t\t\t\t\t<h2 class=\"elementor-heading-title elementor-size-default\">Geistiges Eigentumsrecht\n<\/h2>\t\t\t\t<\/div>\n\t\t\t\t<\/div>\n\t\t\t\t<div class=\"elementor-element elementor-element-1fdbd15 elementor-widget elementor-widget-text-editor\" data-id=\"1fdbd15\" data-element_type=\"widget\" data-e-type=\"widget\" data-widget_type=\"text-editor.default\">\n\t\t\t\t<div class=\"elementor-widget-container\">\n\t\t\t\t\t\t\t\t\t<p class=\"translation-block\">Mit Ausnahme der Inhalte, die Ihnen geh\u00f6ren, liegen alle Rechte an geistigem Eigentum und Materialien dieser Website gem\u00e4\u00df diesen Bedingungen bei <strong>Bitcoin Future Markets<\/strong> und\/oder seinen Lizenzgebern.<\/p><p class=\"translation-block\">Sie erhalten Zugriff ausschlie\u00dflich zum Zweck der Ansicht des auf dieser Website enthaltenen Materials, insbesondere zur Nutzung der Software\/Anwendung <strong>Bitcoin Future Markets<\/strong>, die unter <a style=\"color: #47ae28\" href=\"https:\/\/bitcoin-future.markets\/de\/\" target=\"_self\">https:\/\/bitcoin-future.markets\/<\/a> zug\u00e4nglich ist.<\/p>\t\t\t\t\t\t\t\t<\/div>\n\t\t\t\t<\/div>\n\t\t\t\t<div class=\"elementor-element elementor-element-465a777 elementor-widget elementor-widget-heading\" data-id=\"465a777\" data-element_type=\"widget\" data-e-type=\"widget\" data-widget_type=\"heading.default\">\n\t\t\t\t<div class=\"elementor-widget-container\">\n\t\t\t\t\t<h2 class=\"elementor-heading-title elementor-size-default\">Einschr\u00e4nkungen<\/h2>\t\t\t\t<\/div>\n\t\t\t\t<\/div>\n\t\t\t\t<div class=\"elementor-element elementor-element-5772a0e elementor-widget elementor-widget-text-editor\" data-id=\"5772a0e\" data-element_type=\"widget\" data-e-type=\"widget\" data-widget_type=\"text-editor.default\">\n\t\t\t\t<div class=\"elementor-widget-container\">\n\t\t\t\t\t\t\t\t\t<p>Folgendes ist Ihnen ausdr\u00fccklich untersagt:<\/p><ul><li>Ver\u00f6ffentlichung von Website-Material in anderen Medien;<\/li><li>Verkauf, Unterlizenzierung und\/oder sonstige Kommerzialisierung von Website-Material;<\/li><li>\u00f6ffentliches Auff\u00fchren und\/oder Vorf\u00fchren von Website-Material;<\/li><li>diese Website in einer Weise zu nutzen, die dieser Website schadet oder schaden k\u00f6nnte;<\/li><li>diese Website in einer Weise zu nutzen, die den Benutzerzugriff auf diese Website beeintr\u00e4chtigt;<\/li><li>die Nutzung dieser Website entgegen geltenden Gesetzen und Vorschriften oder in irgendeiner Weise, die der Website oder einer nat\u00fcrlichen oder gesch\u00e4ftlichen Einheit Schaden zuf\u00fcgen kann;<\/li><li>Durchf\u00fchrung von Data Mining, Datenerhebung, Datenextraktion oder anderen \u00e4hnlichen Aktivit\u00e4ten in Bezug auf diese Website;<\/li><\/ul><p>Bestimmte Bereiche dieser Website sind f\u00fcr Sie nicht zug\u00e4nglich und Market Assets Future kann Ihren Zugang zu allen Bereichen dieser Website jederzeit nach eigenem Ermessen weiter einschr\u00e4nken. Alle Benutzer-IDs, E-Mail-Adressen und Passw\u00f6rter, die Sie f\u00fcr diese Website haben, sind vertraulich und Sie m\u00fcssen diese ebenfalls vertraulich behandeln.<\/p>\t\t\t\t\t\t\t\t<\/div>\n\t\t\t\t<\/div>\n\t\t\t\t<div class=\"elementor-element elementor-element-b5797e5 elementor-widget elementor-widget-heading\" data-id=\"b5797e5\" data-element_type=\"widget\" data-e-type=\"widget\" data-widget_type=\"heading.default\">\n\t\t\t\t<div class=\"elementor-widget-container\">\n\t\t\t\t\t<h2 class=\"elementor-heading-title elementor-size-default\">Ihr Inhalt<\/h2>\t\t\t\t<\/div>\n\t\t\t\t<\/div>\n\t\t\t\t<div class=\"elementor-element elementor-element-690da9a elementor-widget elementor-widget-text-editor\" data-id=\"690da9a\" data-element_type=\"widget\" data-e-type=\"widget\" data-widget_type=\"text-editor.default\">\n\t\t\t\t<div class=\"elementor-widget-container\">\n\t\t\t\t\t\t\t\t\t<p class=\"translation-block\">In diesen Website-Standardbedingungen bezeichnet \u201eIhre Inhalte\u201c Ihre Kontodaten bei <strong>Bitcoin Future Markets<\/strong>, \u201eIhre Inhalte TP\u201c bezeichnet Ihre Konten bei den Drittpartnern, die mit <strong>Bitcoin Future Markets<\/strong> verbunden sind.<\/p><p class=\"translation-block\">Mit der Registrierung auf <strong>Bitcoin Future Markets<\/strong> mit \u201eIhren Inhalten\u201c gew\u00e4hren Sie <strong>Bitcoin Future Markets<\/strong> Zugriff auf \u201eIhre Inhalte\u201c und gestatten <strong>Bitcoin Future Markets<\/strong> die Kopie\/\u00dcbertragung von \u201eIhren Inhalten\u201c an einen der Drittanbieterpartner.<\/p><p class=\"translation-block\">Durch Ihre Aktivit\u00e4ten auf <strong>Bitcoin Future Markets<\/strong> gew\u00e4hren Sie <strong>Bitcoin Future Markets<\/strong> Zugriff auf \u201eIhre Content-TP\u201c und fordern\/autorisieren <strong>Bitcoin Future Markets<\/strong>, Ihre \u201eContent-TP\u201c zu reproduzieren\/darauf zu reagieren.<\/p><p class=\"translation-block\">Bitcoin Future Markets gew\u00e4hrt Ihnen naturgem\u00e4\u00df jederzeit Zugriff auf \u201eIhre Inhalte\u201c, w\u00e4hrend der Zugriff auf \u201eIhre Inhalts-TP\u201c nur dann von Ihnen gew\u00e4hrt wird, wenn Sie mit Bitcoin Future Markets unter <a style=\"color: #47ae28\" href=\"https:\/\/bitcoin-future.markets\/de\/\" target=\"_self\">https:\/\/bitcoin-future.markets\/<\/a> verbunden sind.<\/p><p class=\"translation-block\">Ihre Inhalte k\u00f6nnen jederzeit \u00fcber die Benutzeroberfl\u00e4che von Bitcoin Future Markets entfernt werden. Ihre Inhalte k\u00f6nnen \u00fcber die Website des jeweiligen Drittanbieterpartners entfernt werden. Bitcoin Future Markets beh\u00e4lt sich das Recht vor, Ihre Inhalte jederzeit und ohne Vorank\u00fcndigung zu entfernen.<\/p>\t\t\t\t\t\t\t\t<\/div>\n\t\t\t\t<\/div>\n\t\t\t\t<div class=\"elementor-element elementor-element-bbd43c1 elementor-widget elementor-widget-heading\" data-id=\"bbd43c1\" data-element_type=\"widget\" data-e-type=\"widget\" data-widget_type=\"heading.default\">\n\t\t\t\t<div class=\"elementor-widget-container\">\n\t\t\t\t\t<h2 class=\"elementor-heading-title elementor-size-default\">Keine Garantien<\/h2>\t\t\t\t<\/div>\n\t\t\t\t<\/div>\n\t\t\t\t<div class=\"elementor-element elementor-element-445d666 elementor-widget elementor-widget-text-editor\" data-id=\"445d666\" data-element_type=\"widget\" data-e-type=\"widget\" data-widget_type=\"text-editor.default\">\n\t\t\t\t<div class=\"elementor-widget-container\">\n\t\t\t\t\t\t\t\t\t<p class=\"translation-block\">Diese Website wird \u201ewie besehen\u201c und ohne M\u00e4ngelgew\u00e4hr bereitgestellt. Bitcoin Future Markets \u00fcbernimmt keinerlei Gew\u00e4hrleistung oder Haftung f\u00fcr diese Website oder die darauf enthaltenen Inhalte. Die Inhalte dieser Website stellen keine Anlageberatung dar.<\/p>\t\t\t\t\t\t\t\t<\/div>\n\t\t\t\t<\/div>\n\t\t\t\t<div class=\"elementor-element elementor-element-9d62bfe elementor-widget elementor-widget-heading\" data-id=\"9d62bfe\" data-element_type=\"widget\" data-e-type=\"widget\" data-widget_type=\"heading.default\">\n\t\t\t\t<div class=\"elementor-widget-container\">\n\t\t\t\t\t<h2 class=\"elementor-heading-title elementor-size-default\">Haftungsbeschr\u00e4nkung<\/h2>\t\t\t\t<\/div>\n\t\t\t\t<\/div>\n\t\t\t\t<div class=\"elementor-element elementor-element-88c5411 elementor-widget elementor-widget-text-editor\" data-id=\"88c5411\" data-element_type=\"widget\" data-e-type=\"widget\" data-widget_type=\"text-editor.default\">\n\t\t\t\t<div class=\"elementor-widget-container\">\n\t\t\t\t\t\t\t\t\t<p class=\"translation-block\">Bitcoin Future Markets sowie deren F\u00fchrungskr\u00e4fte, Direktoren und Mitarbeiter haften in keinem Fall f\u00fcr Sch\u00e4den, die aus der Nutzung dieser Website entstehen oder damit in Zusammenhang stehen, unabh\u00e4ngig davon, ob eine vertragliche Haftung besteht. Bitcoin Future Markets, einschlie\u00dflich ihrer F\u00fchrungskr\u00e4fte, Direktoren und Mitarbeiter, haften nicht f\u00fcr indirekte, Folge- oder Sondersch\u00e4den, die aus der Nutzung dieser Website entstehen oder damit in Zusammenhang stehen.<\/p>\t\t\t\t\t\t\t\t<\/div>\n\t\t\t\t<\/div>\n\t\t\t\t<div class=\"elementor-element elementor-element-0492439 elementor-widget elementor-widget-heading\" data-id=\"0492439\" data-element_type=\"widget\" data-e-type=\"widget\" data-widget_type=\"heading.default\">\n\t\t\t\t<div class=\"elementor-widget-container\">\n\t\t\t\t\t<h2 class=\"elementor-heading-title elementor-size-default\">Schadloshaltung<\/h2>\t\t\t\t<\/div>\n\t\t\t\t<\/div>\n\t\t\t\t<div class=\"elementor-element elementor-element-cca2a5b elementor-widget elementor-widget-text-editor\" data-id=\"cca2a5b\" data-element_type=\"widget\" data-e-type=\"widget\" data-widget_type=\"text-editor.default\">\n\t\t\t\t<div class=\"elementor-widget-container\">\n\t\t\t\t\t\t\t\t\t<p class=\"translation-block\">Sie stellen hiermit Bitcoin Future Markets in vollem Umfang von jeglicher Haftung, Kosten, Forderungen, Klagegr\u00fcnden, Sch\u00e4den und Ausgaben frei, die in irgendeiner Weise mit Ihrem Versto\u00df gegen eine der Bestimmungen dieser Bedingungen zusammenh\u00e4ngen.<\/p>\t\t\t\t\t\t\t\t<\/div>\n\t\t\t\t<\/div>\n\t\t\t\t<div class=\"elementor-element elementor-element-e39966b elementor-widget elementor-widget-heading\" data-id=\"e39966b\" data-element_type=\"widget\" data-e-type=\"widget\" data-widget_type=\"heading.default\">\n\t\t\t\t<div class=\"elementor-widget-container\">\n\t\t\t\t\t<h2 class=\"elementor-heading-title elementor-size-default\">Salvatorische Klausel<\/h2>\t\t\t\t<\/div>\n\t\t\t\t<\/div>\n\t\t\t\t<div class=\"elementor-element elementor-element-d2f66ae elementor-widget elementor-widget-text-editor\" data-id=\"d2f66ae\" data-element_type=\"widget\" data-e-type=\"widget\" data-widget_type=\"text-editor.default\">\n\t\t\t\t<div class=\"elementor-widget-container\">\n\t\t\t\t\t\t\t\t\t<p>Sollte sich eine Bestimmung dieser Bedingungen gem\u00e4\u00df geltendem Recht als ung\u00fcltig erweisen, wird diese Bestimmung gel\u00f6scht, ohne dass die \u00fcbrigen Bestimmungen hiervon ber\u00fchrt werden.<\/p>\t\t\t\t\t\t\t\t<\/div>\n\t\t\t\t<\/div>\n\t\t\t\t<div class=\"elementor-element elementor-element-a454179 elementor-widget elementor-widget-heading\" data-id=\"a454179\" data-element_type=\"widget\" data-e-type=\"widget\" data-widget_type=\"heading.default\">\n\t\t\t\t<div class=\"elementor-widget-container\">\n\t\t\t\t\t<h2 class=\"elementor-heading-title elementor-size-default\">Variation der Begriffe<\/h2>\t\t\t\t<\/div>\n\t\t\t\t<\/div>\n\t\t\t\t<div class=\"elementor-element elementor-element-f8751e1 elementor-widget elementor-widget-text-editor\" data-id=\"f8751e1\" data-element_type=\"widget\" data-e-type=\"widget\" data-widget_type=\"text-editor.default\">\n\t\t\t\t<div class=\"elementor-widget-container\">\n\t\t\t\t\t\t\t\t\t<p class=\"translation-block\">Bitcoin Future Markets beh\u00e4lt sich das Recht vor, diese Bedingungen jederzeit nach eigenem Ermessen zu \u00e4ndern. Durch die Nutzung dieser Website wird von Ihnen erwartet, dass Sie diese Bedingungen regelm\u00e4\u00dfig \u00fcberpr\u00fcfen.<\/p>\t\t\t\t\t\t\t\t<\/div>\n\t\t\t\t<\/div>\n\t\t\t\t<div class=\"elementor-element elementor-element-029a79f elementor-widget elementor-widget-heading\" data-id=\"029a79f\" data-element_type=\"widget\" data-e-type=\"widget\" data-widget_type=\"heading.default\">\n\t\t\t\t<div class=\"elementor-widget-container\">\n\t\t\t\t\t<h2 class=\"elementor-heading-title elementor-size-default\">Abtretung<\/h2>\t\t\t\t<\/div>\n\t\t\t\t<\/div>\n\t\t\t\t<div class=\"elementor-element elementor-element-87a29eb elementor-widget elementor-widget-text-editor\" data-id=\"87a29eb\" data-element_type=\"widget\" data-e-type=\"widget\" data-widget_type=\"text-editor.default\">\n\t\t\t\t<div class=\"elementor-widget-container\">\n\t\t\t\t\t\t\t\t\t<p class=\"translation-block\">Die Bitcoin Future Markets sind berechtigt, ihre Rechte und\/oder Pflichten aus diesen Bedingungen ohne vorherige Ank\u00fcndigung abzutreten, zu \u00fcbertragen oder an Dritte weiterzugeben. Ihnen ist es jedoch nicht gestattet, Ihre Rechte und\/oder Pflichten aus diesen Bedingungen abzutreten, zu \u00fcbertragen oder an Dritte weiterzugeben.<\/p>\t\t\t\t\t\t\t\t<\/div>\n\t\t\t\t<\/div>\n\t\t\t\t<div class=\"elementor-element elementor-element-4d63e18 elementor-widget elementor-widget-heading\" data-id=\"4d63e18\" data-element_type=\"widget\" data-e-type=\"widget\" data-widget_type=\"heading.default\">\n\t\t\t\t<div class=\"elementor-widget-container\">\n\t\t\t\t\t<h2 class=\"elementor-heading-title elementor-size-default\">Gesamte Vereinbarung<\/h2>\t\t\t\t<\/div>\n\t\t\t\t<\/div>\n\t\t\t\t<div class=\"elementor-element elementor-element-0628fa1 elementor-widget elementor-widget-text-editor\" data-id=\"0628fa1\" data-element_type=\"widget\" data-e-type=\"widget\" data-widget_type=\"text-editor.default\">\n\t\t\t\t<div class=\"elementor-widget-container\">\n\t\t\t\t\t\t\t\t\t<p class=\"translation-block\">Diese Bedingungen stellen die gesamte Vereinbarung zwischen <strong>Bitcoin Future Markets<\/strong> und Ihnen in Bezug auf Ihre Nutzung dieser Website dar und ersetzen alle vorherigen Vereinbarungen und Absprachen.<\/p>\t\t\t\t\t\t\t\t<\/div>\n\t\t\t\t<\/div>\n\t\t\t\t<div class=\"elementor-element elementor-element-9164f59 elementor-widget elementor-widget-heading\" data-id=\"9164f59\" data-element_type=\"widget\" data-e-type=\"widget\" data-widget_type=\"heading.default\">\n\t\t\t\t<div class=\"elementor-widget-container\">\n\t\t\t\t\t<h2 class=\"elementor-heading-title elementor-size-default\">Eingeschr\u00e4nkte L\u00e4nder<\/h2>\t\t\t\t<\/div>\n\t\t\t\t<\/div>\n\t\t\t\t<div class=\"elementor-element elementor-element-6fe235c elementor-widget elementor-widget-text-editor\" data-id=\"6fe235c\" data-element_type=\"widget\" data-e-type=\"widget\" data-widget_type=\"text-editor.default\">\n\t\t\t\t<div class=\"elementor-widget-container\">\n\t\t\t\t\t\t\t\t\t<p class=\"translation-block\">Der Zugang zu den Bitcoin-Futures-M\u00e4rkten ist auf Einwohner folgender L\u00e4nder beschr\u00e4nkt: Afghanistan, Algerien, Belgien, Tschad, Frankreich, Iran, Irak, Israel, Korea, Libyen, Mali, Marokko, Pal\u00e4stina, Syrien, Tunesien, Vereinigte Staaten, Jemen<\/p>\t\t\t\t\t\t\t\t<\/div>\n\t\t\t\t<\/div>\n\t\t\t\t<div class=\"elementor-element elementor-element-f09cb13 elementor-widget elementor-widget-heading\" data-id=\"f09cb13\" data-element_type=\"widget\" data-e-type=\"widget\" data-widget_type=\"heading.default\">\n\t\t\t\t<div class=\"elementor-widget-container\">\n\t\t\t\t\t<h2 class=\"elementor-heading-title elementor-size-default\">Geltendes Recht und Gerichtsbarkeit\n<\/h2>\t\t\t\t<\/div>\n\t\t\t\t<\/div>\n\t\t\t\t<div class=\"elementor-element elementor-element-aa5a6ef elementor-widget elementor-widget-text-editor\" data-id=\"aa5a6ef\" data-element_type=\"widget\" data-e-type=\"widget\" data-widget_type=\"text-editor.default\">\n\t\t\t\t<div class=\"elementor-widget-container\">\n\t\t\t\t\t\t\t\t\t<header id=\"home\" class=\"content p-0 p-md-5 text-center\"><div class=\"container highlight\"><div class=\"jumbotron px-0 px-md-2\"><div class=\"jumbotron-body\"><div class=\"lead\"><p>Diese Bedingungen unterliegen den gesetzlichen Bestimmungen und werden entsprechend ausgelegt. Zur Beilegung etwaiger Streitigkeiten unterwerfen Sie sich der nicht ausschlie\u00dflichen Gerichtsbarkeit der Staats- und Bundesgerichte Ihres Landes.<\/p><\/div><\/div><\/div><\/div><\/header><footer class=\"bg-light text-center\"><div class=\"container\"><div class=\"row\"><div class=\"w-100\"><div class=\"mb-0 text-justify\">\u00a0<\/div><\/div><\/div><\/div><\/footer>\t\t\t\t\t\t\t\t<\/div>\n\t\t\t\t<\/div>\n\t\t\t\t<div class=\"elementor-element elementor-element-2aa12f9 elementor-align-center elementor-widget elementor-widget-button\" data-id=\"2aa12f9\" data-element_type=\"widget\" data-e-type=\"widget\" data-widget_type=\"button.default\">\n\t\t\t\t<div class=\"elementor-widget-container\">\n\t\t\t\t\t\t\t\t\t<div class=\"elementor-button-wrapper\">\n\t\t\t\t\t<a class=\"elementor-button elementor-button-link elementor-size-lg elementor-animation-grow\" href=\"https:\/\/bitcoin-future.markets\/de\/kontaktieren-sie-uns\/#reg-form\">\n\t\t\t\t\t\t<span class=\"elementor-button-content-wrapper\">\n\t\t\t\t\t\t\t\t\t<span class=\"elementor-button-text\">Konto er\u00f6ffnen<\/span>\n\t\t\t\t\t<\/span>\n\t\t\t\t\t<\/a>\n\t\t\t\t<\/div>\n\t\t\t\t\t\t\t\t<\/div>\n\t\t\t\t<\/div>\n\t\t\t\t\t<\/div>\n\t\t\t\t<\/div>\n\t\t\t\t<\/div>","protected":false},"excerpt":{"rendered":"<p>TERMS AND CONDITIONS Introduction These Website Standard Terms and Conditions written on this webpage shall manage your use of our website, Bitcoin Future Markets accessible at\u00a0https:\/\/bitcoin-future.markets\/ These Terms will be applied fully and affect to your use of this Website. By using this Website, you agreed to accept all terms and conditions written in here. [&hellip;]<\/p>\n","protected":false},"author":1,"featured_media":0,"parent":0,"menu_order":0,"comment_status":"closed","ping_status":"closed","template":"","meta":{"footnotes":""},"class_list":["post-166","page","type-page","status-publish","hentry"],"_links":{"self":[{"href":"https:\/\/bitcoin-future.markets\/de\/wp-json\/wp\/v2\/pages\/166","targetHints":{"allow":["GET"]}}],"collection":[{"href":"https:\/\/bitcoin-future.markets\/de\/wp-json\/wp\/v2\/pages"}],"about":[{"href":"https:\/\/bitcoin-future.markets\/de\/wp-json\/wp\/v2\/types\/page"}],"author":[{"embeddable":true,"href":"https:\/\/bitcoin-future.markets\/de\/wp-json\/wp\/v2\/users\/1"}],"replies":[{"embeddable":true,"href":"https:\/\/bitcoin-future.markets\/de\/wp-json\/wp\/v2\/comments?post=166"}],"version-history":[{"count":64,"href":"https:\/\/bitcoin-future.markets\/de\/wp-json\/wp\/v2\/pages\/166\/revisions"}],"predecessor-version":[{"id":1441,"href":"https:\/\/bitcoin-future.markets\/de\/wp-json\/wp\/v2\/pages\/166\/revisions\/1441"}],"wp:attachment":[{"href":"https:\/\/bitcoin-future.markets\/de\/wp-json\/wp\/v2\/media?parent=166"}],"curies":[{"name":"wp","href":"https:\/\/api.w.org\/{rel}","templated":true}]}}